{"id":2362,"date":"2024-10-14T16:10:30","date_gmt":"2024-10-14T19:10:30","guid":{"rendered":"https:\/\/gmgssma.com\/?page_id=2362"},"modified":"2024-10-14T16:12:16","modified_gmt":"2024-10-14T19:12:16","slug":"projetos","status":"publish","type":"page","link":"https:\/\/gmgssma.com\/index.php\/projetos\/","title":{"rendered":"Projetos"},"content":{"rendered":"\t\t<div data-elementor-type=\"wp-page\" data-elementor-id=\"2362\" class=\"elementor elementor-2362\">\n\t\t\t\t\t\t<section class=\"elementor-section elementor-top-section elementor-element elementor-element-faae4a9 elementor-section-boxed elementor-section-height-default elementor-section-height-default wpr-particle-no wpr-jarallax-no wpr-parallax-no wpr-sticky-section-no\" data-id=\"faae4a9\" data-element_type=\"section\" data-settings=\"{&quot;background_background&quot;:&quot;classic&quot;}\">\n\t\t\t\t\t\t\t<div class=\"elementor-background-overlay\"><\/div>\n\t\t\t\t\t\t\t<div class=\"elementor-container elementor-column-gap-default\">\n\t\t\t\t\t<div class=\"elementor-column elementor-col-100 elementor-top-column elementor-element elementor-element-1f33d38\" data-id=\"1f33d38\" data-element_type=\"column\">\n\t\t\t<div class=\"elementor-widget-wrap elementor-element-populated\">\n\t\t\t\t\t\t<div class=\"elementor-element elementor-element-ccb7aa5 elementor-widget elementor-widget-heading\" data-id=\"ccb7aa5\" data-element_type=\"widget\" data-widget_type=\"heading.default\">\n\t\t\t\t<div class=\"elementor-widget-container\">\n\t\t\t\t\t<h2 class=\"elementor-heading-title elementor-size-default\">Desenvolvimento de Projetos<\/h2>\t\t\t\t<\/div>\n\t\t\t\t<\/div>\n\t\t\t\t\t<\/div>\n\t\t<\/div>\n\t\t\t\t\t<\/div>\n\t\t<\/section>\n\t\t\t\t<section class=\"elementor-section elementor-top-section elementor-element elementor-element-6ca606e elementor-section-boxed elementor-section-height-default elementor-section-height-default wpr-particle-no wpr-jarallax-no wpr-parallax-no wpr-sticky-section-no\" data-id=\"6ca606e\" data-element_type=\"section\">\n\t\t\t\t\t\t<div class=\"elementor-container elementor-column-gap-default\">\n\t\t\t\t\t<div class=\"elementor-column elementor-col-50 elementor-top-column elementor-element elementor-element-12fe273\" data-id=\"12fe273\" data-element_type=\"column\">\n\t\t\t<div class=\"elementor-widget-wrap elementor-element-populated\">\n\t\t\t\t\t\t<div class=\"elementor-element elementor-element-fe9edd0 elementor-widget__width-initial wpr-promo-box-style-cover elementor-invisible elementor-widget elementor-widget-wpr-promo-box\" data-id=\"fe9edd0\" data-element_type=\"widget\" data-settings=\"{&quot;_animation&quot;:&quot;zoomIn&quot;,&quot;_animation_delay&quot;:300}\" data-widget_type=\"wpr-promo-box.default\">\n\t\t\t\t<div class=\"elementor-widget-container\">\n\t\t\t\t\t\n\t\t<div class=\"wpr-promo-box wpr-animation-wrap\">\n\n\t\t\t\t\t\t\t\n\t\t\t\t\t\t\t<div class=\"wpr-promo-box-image\">\n\t\t\t\t\t<div class=\"wpr-promo-box-bg-image wpr-bg-anim-zoom-in wpr-anim-timing-ease-default\" style=\"background-image:url(https:\/\/gmgssma.com\/wp-content\/uploads\/2024\/10\/22e17f16-ac14-4d2b-a6ab-0b51f027888d.jpg);\"><\/div>\n\t\t\t\t\t<div class=\"wpr-promo-box-bg-overlay wpr-border-anim-none\"><\/div>\n\t\t\t\t<\/div>\n\t\t\t\t\t\t\n\t\t\t<div class=\"wpr-promo-box-content\">\n\n\t\t\t\t\t\t\t\t<div class=\"wpr-promo-box-icon\">\n\t\t\t\t\t\t\t\t\t<\/div>\n\t\t\t\t\n\t\t\t\t<h3 class=\"wpr-promo-box-title\"><span>Workfit<\/span><\/h3>\n\t\t\t\t\n\t\t\t\t\t\t\t<\/div>\n\n\t\t\t\t\t<\/div>\n\n\t\t\t\t\t\t<\/div>\n\t\t\t\t<\/div>\n\t\t\t\t\t<\/div>\n\t\t<\/div>\n\t\t\t\t<div class=\"elementor-column elementor-col-50 elementor-top-column elementor-element elementor-element-7e8e9f2\" data-id=\"7e8e9f2\" data-element_type=\"column\">\n\t\t\t<div class=\"elementor-widget-wrap elementor-element-populated\">\n\t\t\t\t\t\t<div class=\"elementor-element elementor-element-d4d7644 elementor-widget elementor-widget-heading\" data-id=\"d4d7644\" data-element_type=\"widget\" data-widget_type=\"heading.default\">\n\t\t\t\t<div class=\"elementor-widget-container\">\n\t\t\t\t\t<h2 class=\"elementor-heading-title elementor-size-default\">Inova\u00e7\u00e3o e Impacto Social no Desenvolvimento de Projetos<\/h2>\t\t\t\t<\/div>\n\t\t\t\t<\/div>\n\t\t\t\t<div class=\"elementor-element elementor-element-64dacdc elementor-widget elementor-widget-text-editor\" data-id=\"64dacdc\" data-element_type=\"widget\" data-widget_type=\"text-editor.default\">\n\t\t\t\t<div class=\"elementor-widget-container\">\n\t\t\t\t\t\t\t\t\t<p>Na GMG Solu\u00e7\u00f5es em Medicina e Seguran\u00e7a do Trabalho, o nosso setor de desenvolvimento de projetos \u00e9 voltado para a cria\u00e7\u00e3o de solu\u00e7\u00f5es que impulsionam nossos clientes e a sociedade. Desenvolvemos a\u00e7\u00f5es estrat\u00e9gicas de marketing, projetos de tecnologia de ponta, e iniciativas voltadas \u00e0 seguran\u00e7a do trabalho, sempre com o foco em aumentar a efici\u00eancia e promover a sa\u00fade e o bem-estar nas empresas.<\/p><p>\u00a0<\/p><p>Trabalhamos lado a lado com nossos clientes para implementar projetos personalizados que atendam suas necessidades espec\u00edficas, desde a automa\u00e7\u00e3o de processos at\u00e9 a implanta\u00e7\u00e3o de sistemas de seguran\u00e7a e conformidade. Nossa equipe multidisciplinar combina expertise t\u00e9cnica com vis\u00e3o inovadora, \u2026<br \/>Al\u00e9m dos nossos projetos internos, temos orgulho de nossos projetos sociais e externos, que v\u00e3o al\u00e9m do ambiente corporativo. Um exemplo \u00e9 nossa iniciativa especial para o Dia das Crian\u00e7as, onde implementamos a\u00e7\u00f5es sociais voltadas para o bem-estar e a alegria de crian\u00e7as em situa\u00e7\u00e3o de vulnerabilidade. Essas a\u00e7\u00f5es refor\u00e7am o compromisso da GMG Solu\u00e7\u00f5es n\u00e3o apenas com a excel\u00eancia empresarial, mas tamb\u00e9m com o impacto positivo na comunidade.<\/p><p>Com a GMG Solu\u00e7\u00f5es, inova\u00e7\u00e3o, responsabilidade social e seguran\u00e7a caminham juntos para criar um futuro melhor.<\/p>\t\t\t\t\t\t\t\t<\/div>\n\t\t\t\t<\/div>\n\t\t\t\t\t<\/div>\n\t\t<\/div>\n\t\t\t\t\t<\/div>\n\t\t<\/section>\n\t\t<div class=\"elementor-element elementor-element-ad71387 e-flex e-con-boxed wpr-particle-no wpr-jarallax-no wpr-parallax-no wpr-sticky-section-no e-con e-parent\" data-id=\"ad71387\" data-element_type=\"container\" data-settings=\"{&quot;background_background&quot;:&quot;classic&quot;}\">\n\t\t\t\t\t<div class=\"e-con-inner\">\n\t\t\t\t<div class=\"elementor-element elementor-element-670e38c gallery-spacing-custom elementor-widget elementor-widget-image-gallery\" data-id=\"670e38c\" data-element_type=\"widget\" data-widget_type=\"image-gallery.default\">\n\t\t\t\t<div class=\"elementor-widget-container\">\n\t\t\t\t\t\t\t<div class=\"elementor-image-gallery\">\n\t\t\t<div id='gallery-1' class='gallery galleryid-2362 gallery-columns-8 gallery-size-thumbnail'><figure class='gallery-item'>\n\t\t\t<div class='gallery-icon landscape'>\n\t\t\t\t<img decoding=\"async\" width=\"150\" height=\"150\" src=\"https:\/\/gmgssma.com\/wp-content\/uploads\/2024\/09\/Logo-TC-150x150.png\" class=\"attachment-thumbnail size-thumbnail\" alt=\"\" srcset=\"https:\/\/gmgssma.com\/wp-content\/uploads\/2024\/09\/Logo-TC-150x150.png 150w, https:\/\/gmgssma.com\/wp-content\/uploads\/2024\/09\/Logo-TC-300x300.png 300w, https:\/\/gmgssma.com\/wp-content\/uploads\/2024\/09\/Logo-TC-1024x1024.png 1024w, https:\/\/gmgssma.com\/wp-content\/uploads\/2024\/09\/Logo-TC-768x768.png 768w, https:\/\/gmgssma.com\/wp-content\/uploads\/2024\/09\/Logo-TC.png 1080w\" sizes=\"(max-width: 150px) 100vw, 150px\" \/>\n\t\t\t<\/div><\/figure><figure class='gallery-item'>\n\t\t\t<div class='gallery-icon landscape'>\n\t\t\t\t<img decoding=\"async\" width=\"150\" height=\"150\" src=\"https:\/\/gmgssma.com\/wp-content\/uploads\/2024\/09\/Logo-RH-150x150.png\" class=\"attachment-thumbnail size-thumbnail\" alt=\"\" srcset=\"https:\/\/gmgssma.com\/wp-content\/uploads\/2024\/09\/Logo-RH-150x150.png 150w, https:\/\/gmgssma.com\/wp-content\/uploads\/2024\/09\/Logo-RH-300x300.png 300w, https:\/\/gmgssma.com\/wp-content\/uploads\/2024\/09\/Logo-RH-1024x1024.png 1024w, https:\/\/gmgssma.com\/wp-content\/uploads\/2024\/09\/Logo-RH-768x768.png 768w, https:\/\/gmgssma.com\/wp-content\/uploads\/2024\/09\/Logo-RH.png 1080w\" sizes=\"(max-width: 150px) 100vw, 150px\" \/>\n\t\t\t<\/div><\/figure><figure class='gallery-item'>\n\t\t\t<div class='gallery-icon landscape'>\n\t\t\t\t<img decoding=\"async\" width=\"150\" height=\"150\" src=\"https:\/\/gmgssma.com\/wp-content\/uploads\/2024\/09\/SEG-1-150x150.png\" class=\"attachment-thumbnail size-thumbnail\" alt=\"\" srcset=\"https:\/\/gmgssma.com\/wp-content\/uploads\/2024\/09\/SEG-1-150x150.png 150w, https:\/\/gmgssma.com\/wp-content\/uploads\/2024\/09\/SEG-1-300x300.png 300w, https:\/\/gmgssma.com\/wp-content\/uploads\/2024\/09\/SEG-1-768x768.png 768w, https:\/\/gmgssma.com\/wp-content\/uploads\/2024\/09\/SEG-1.png 1000w\" sizes=\"(max-width: 150px) 100vw, 150px\" \/>\n\t\t\t<\/div><\/figure><figure class='gallery-item'>\n\t\t\t<div class='gallery-icon landscape'>\n\t\t\t\t<img loading=\"lazy\" decoding=\"async\" width=\"150\" height=\"150\" src=\"https:\/\/gmgssma.com\/wp-content\/uploads\/2024\/09\/RH-1-150x150.png\" class=\"attachment-thumbnail size-thumbnail\" alt=\"\" srcset=\"https:\/\/gmgssma.com\/wp-content\/uploads\/2024\/09\/RH-1-150x150.png 150w, https:\/\/gmgssma.com\/wp-content\/uploads\/2024\/09\/RH-1-300x300.png 300w, https:\/\/gmgssma.com\/wp-content\/uploads\/2024\/09\/RH-1-1024x1024.png 1024w, https:\/\/gmgssma.com\/wp-content\/uploads\/2024\/09\/RH-1-768x768.png 768w, https:\/\/gmgssma.com\/wp-content\/uploads\/2024\/09\/RH-1.png 1080w\" sizes=\"(max-width: 150px) 100vw, 150px\" \/>\n\t\t\t<\/div><\/figure><figure class='gallery-item'>\n\t\t\t<div class='gallery-icon landscape'>\n\t\t\t\t<img loading=\"lazy\" decoding=\"async\" width=\"150\" height=\"150\" src=\"https:\/\/gmgssma.com\/wp-content\/uploads\/2024\/09\/MED-1-150x150.png\" class=\"attachment-thumbnail size-thumbnail\" alt=\"\" srcset=\"https:\/\/gmgssma.com\/wp-content\/uploads\/2024\/09\/MED-1-150x150.png 150w, https:\/\/gmgssma.com\/wp-content\/uploads\/2024\/09\/MED-1-300x300.png 300w, https:\/\/gmgssma.com\/wp-content\/uploads\/2024\/09\/MED-1-1024x1024.png 1024w, https:\/\/gmgssma.com\/wp-content\/uploads\/2024\/09\/MED-1-768x768.png 768w, https:\/\/gmgssma.com\/wp-content\/uploads\/2024\/09\/MED-1.png 1080w\" sizes=\"(max-width: 150px) 100vw, 150px\" \/>\n\t\t\t<\/div><\/figure><figure class='gallery-item'>\n\t\t\t<div class='gallery-icon landscape'>\n\t\t\t\t<img loading=\"lazy\" decoding=\"async\" width=\"150\" height=\"150\" src=\"https:\/\/gmgssma.com\/wp-content\/uploads\/2024\/09\/MA-1-150x150.png\" class=\"attachment-thumbnail size-thumbnail\" alt=\"\" srcset=\"https:\/\/gmgssma.com\/wp-content\/uploads\/2024\/09\/MA-1-150x150.png 150w, https:\/\/gmgssma.com\/wp-content\/uploads\/2024\/09\/MA-1-300x300.png 300w, https:\/\/gmgssma.com\/wp-content\/uploads\/2024\/09\/MA-1-768x768.png 768w, https:\/\/gmgssma.com\/wp-content\/uploads\/2024\/09\/MA-1.png 1000w\" sizes=\"(max-width: 150px) 100vw, 150px\" \/>\n\t\t\t<\/div><\/figure><figure class='gallery-item'>\n\t\t\t<div class='gallery-icon landscape'>\n\t\t\t\t<img loading=\"lazy\" decoding=\"async\" width=\"150\" height=\"150\" src=\"https:\/\/gmgssma.com\/wp-content\/uploads\/2024\/09\/LOGO-PAC_Prancheta-1-1-150x150.png\" class=\"attachment-thumbnail size-thumbnail\" alt=\"\" srcset=\"https:\/\/gmgssma.com\/wp-content\/uploads\/2024\/09\/LOGO-PAC_Prancheta-1-1-150x150.png 150w, https:\/\/gmgssma.com\/wp-content\/uploads\/2024\/09\/LOGO-PAC_Prancheta-1-1-300x300.png 300w, https:\/\/gmgssma.com\/wp-content\/uploads\/2024\/09\/LOGO-PAC_Prancheta-1-1-1024x1024.png 1024w, https:\/\/gmgssma.com\/wp-content\/uploads\/2024\/09\/LOGO-PAC_Prancheta-1-1-768x768.png 768w, https:\/\/gmgssma.com\/wp-content\/uploads\/2024\/09\/LOGO-PAC_Prancheta-1-1-1536x1536.png 1536w, https:\/\/gmgssma.com\/wp-content\/uploads\/2024\/09\/LOGO-PAC_Prancheta-1-1-2048x2048.png 2048w\" sizes=\"(max-width: 150px) 100vw, 150px\" \/>\n\t\t\t<\/div><\/figure><figure class='gallery-item'>\n\t\t\t<div class='gallery-icon landscape'>\n\t\t\t\t<img loading=\"lazy\" decoding=\"async\" width=\"150\" height=\"150\" src=\"https:\/\/gmgssma.com\/wp-content\/uploads\/2024\/09\/fit-150x150.png\" class=\"attachment-thumbnail size-thumbnail\" alt=\"\" srcset=\"https:\/\/gmgssma.com\/wp-content\/uploads\/2024\/09\/fit-150x150.png 150w, https:\/\/gmgssma.com\/wp-content\/uploads\/2024\/09\/fit-300x300.png 300w, https:\/\/gmgssma.com\/wp-content\/uploads\/2024\/09\/fit-768x768.png 768w, https:\/\/gmgssma.com\/wp-content\/uploads\/2024\/09\/fit.png 1000w\" sizes=\"(max-width: 150px) 100vw, 150px\" \/>\n\t\t\t<\/div><\/figure>\n\t\t<\/div>\n\t\t<\/div>\n\t\t\t\t\t\t<\/div>\n\t\t\t\t<\/div>\n\t\t\t\t\t<\/div>\n\t\t\t\t<\/div>\n\t\t\t\t<section class=\"elementor-section elementor-top-section elementor-element elementor-element-2e5c8eb elementor-section-boxed elementor-section-height-default elementor-section-height-default wpr-particle-no wpr-jarallax-no wpr-parallax-no wpr-sticky-section-no\" data-id=\"2e5c8eb\" data-element_type=\"section\">\n\t\t\t\t\t\t<div class=\"elementor-container elementor-column-gap-default\">\n\t\t\t\t\t<div class=\"elementor-column elementor-col-100 elementor-top-column elementor-element elementor-element-477e648\" data-id=\"477e648\" data-element_type=\"column\" data-settings=\"{&quot;background_background&quot;:&quot;classic&quot;}\">\n\t\t\t<div class=\"elementor-widget-wrap elementor-element-populated\">\n\t\t\t\t\t\t<section class=\"elementor-section elementor-inner-section elementor-element elementor-element-e983230 elementor-section-boxed elementor-section-height-default elementor-section-height-default wpr-particle-no wpr-jarallax-no wpr-parallax-no wpr-sticky-section-no\" data-id=\"e983230\" data-element_type=\"section\">\n\t\t\t\t\t\t<div class=\"elementor-container elementor-column-gap-default\">\n\t\t\t\t\t<div class=\"elementor-column elementor-col-50 elementor-inner-column elementor-element elementor-element-929b5e7\" data-id=\"929b5e7\" data-element_type=\"column\">\n\t\t\t<div class=\"elementor-widget-wrap elementor-element-populated\">\n\t\t\t\t\t\t<div class=\"elementor-element elementor-element-529fec5 elementor-widget elementor-widget-heading\" data-id=\"529fec5\" data-element_type=\"widget\" data-widget_type=\"heading.default\">\n\t\t\t\t<div class=\"elementor-widget-container\">\n\t\t\t\t\t<h2 class=\"elementor-heading-title elementor-size-default\">Volta Redonda<\/h2>\t\t\t\t<\/div>\n\t\t\t\t<\/div>\n\t\t\t\t<div class=\"elementor-element elementor-element-a28ec2c elementor-icon-list--layout-traditional elementor-list-item-link-full_width elementor-widget elementor-widget-icon-list\" data-id=\"a28ec2c\" data-element_type=\"widget\" data-widget_type=\"icon-list.default\">\n\t\t\t\t<div class=\"elementor-widget-container\">\n\t\t\t\t\t\t\t<ul class=\"elementor-icon-list-items\">\n\t\t\t\t\t\t\t<li class=\"elementor-icon-list-item\">\n\t\t\t\t\t\t\t\t\t\t\t<span class=\"elementor-icon-list-icon\">\n\t\t\t\t\t\t\t<svg aria-hidden=\"true\" class=\"e-font-icon-svg e-fas-phone-alt\" viewBox=\"0 0 512 512\" xmlns=\"http:\/\/www.w3.org\/2000\/svg\"><path d=\"M497.39 361.8l-112-48a24 24 0 0 0-28 6.9l-49.6 60.6A370.66 370.66 0 0 1 130.6 204.11l60.6-49.6a23.94 23.94 0 0 0 6.9-28l-48-112A24.16 24.16 0 0 0 122.6.61l-104 24A24 24 0 0 0 0 48c0 256.5 207.9 464 464 464a24 24 0 0 0 23.4-18.6l24-104a24.29 24.29 0 0 0-14.01-27.6z\"><\/path><\/svg>\t\t\t\t\t\t<\/span>\n\t\t\t\t\t\t\t\t\t\t<span class=\"elementor-icon-list-text\">24 3343-0888<\/span>\n\t\t\t\t\t\t\t\t\t<\/li>\n\t\t\t\t\t\t\t\t<li class=\"elementor-icon-list-item\">\n\t\t\t\t\t\t\t\t\t\t\t<span class=\"elementor-icon-list-icon\">\n\t\t\t\t\t\t\t<svg aria-hidden=\"true\" class=\"e-font-icon-svg e-fas-envelope\" viewBox=\"0 0 512 512\" xmlns=\"http:\/\/www.w3.org\/2000\/svg\"><path d=\"M502.3 190.8c3.9-3.1 9.7-.2 9.7 4.7V400c0 26.5-21.5 48-48 48H48c-26.5 0-48-21.5-48-48V195.6c0-5 5.7-7.8 9.7-4.7 22.4 17.4 52.1 39.5 154.1 113.6 21.1 15.4 56.7 47.8 92.2 47.6 35.7.3 72-32.8 92.3-47.6 102-74.1 131.6-96.3 154-113.7zM256 320c23.2.4 56.6-29.2 73.4-41.4 132.7-96.3 142.8-104.7 173.4-128.7 5.8-4.5 9.2-11.5 9.2-18.9v-19c0-26.5-21.5-48-48-48H48C21.5 64 0 85.5 0 112v19c0 7.4 3.4 14.3 9.2 18.9 30.6 23.9 40.7 32.4 173.4 128.7 16.8 12.2 50.2 41.8 73.4 41.4z\"><\/path><\/svg>\t\t\t\t\t\t<\/span>\n\t\t\t\t\t\t\t\t\t\t<span class=\"elementor-icon-list-text\">atendimento@gmgssma.com<\/span>\n\t\t\t\t\t\t\t\t\t<\/li>\n\t\t\t\t\t\t\t\t<li class=\"elementor-icon-list-item\">\n\t\t\t\t\t\t\t\t\t\t\t<span class=\"elementor-icon-list-icon\">\n\t\t\t\t\t\t\t<svg aria-hidden=\"true\" class=\"e-font-icon-svg e-fas-map-marker-alt\" viewBox=\"0 0 384 512\" xmlns=\"http:\/\/www.w3.org\/2000\/svg\"><path d=\"M172.268 501.67C26.97 291.031 0 269.413 0 192 0 85.961 85.961 0 192 0s192 85.961 192 192c0 77.413-26.97 99.031-172.268 309.67-9.535 13.774-29.93 13.773-39.464 0zM192 272c44.183 0 80-35.817 80-80s-35.817-80-80-80-80 35.817-80 80 35.817 80 80 80z\"><\/path><\/svg>\t\t\t\t\t\t<\/span>\n\t\t\t\t\t\t\t\t\t\t<span class=\"elementor-icon-list-text\">Rua Nossa Senhora da Concei\u00e7\u00e3o, 138 Conforto Volta Redonda<\/span>\n\t\t\t\t\t\t\t\t\t<\/li>\n\t\t\t\t\t\t<\/ul>\n\t\t\t\t\t\t<\/div>\n\t\t\t\t<\/div>\n\t\t\t\t\t<\/div>\n\t\t<\/div>\n\t\t\t\t<div class=\"elementor-column elementor-col-50 elementor-inner-column elementor-element elementor-element-78345f1\" data-id=\"78345f1\" data-element_type=\"column\">\n\t\t\t<div class=\"elementor-widget-wrap elementor-element-populated\">\n\t\t\t\t\t\t<div class=\"elementor-element elementor-element-0ae647a elementor-widget elementor-widget-heading\" data-id=\"0ae647a\" data-element_type=\"widget\" data-widget_type=\"heading.default\">\n\t\t\t\t<div class=\"elementor-widget-container\">\n\t\t\t\t\t<h2 class=\"elementor-heading-title elementor-size-default\">Barra Mansa<\/h2>\t\t\t\t<\/div>\n\t\t\t\t<\/div>\n\t\t\t\t<div class=\"elementor-element elementor-element-c651616 elementor-icon-list--layout-traditional elementor-list-item-link-full_width elementor-widget elementor-widget-icon-list\" data-id=\"c651616\" data-element_type=\"widget\" data-widget_type=\"icon-list.default\">\n\t\t\t\t<div class=\"elementor-widget-container\">\n\t\t\t\t\t\t\t<ul class=\"elementor-icon-list-items\">\n\t\t\t\t\t\t\t<li class=\"elementor-icon-list-item\">\n\t\t\t\t\t\t\t\t\t\t\t<span class=\"elementor-icon-list-icon\">\n\t\t\t\t\t\t\t<svg aria-hidden=\"true\" class=\"e-font-icon-svg e-fas-phone-alt\" viewBox=\"0 0 512 512\" xmlns=\"http:\/\/www.w3.org\/2000\/svg\"><path d=\"M497.39 361.8l-112-48a24 24 0 0 0-28 6.9l-49.6 60.6A370.66 370.66 0 0 1 130.6 204.11l60.6-49.6a23.94 23.94 0 0 0 6.9-28l-48-112A24.16 24.16 0 0 0 122.6.61l-104 24A24 24 0 0 0 0 48c0 256.5 207.9 464 464 464a24 24 0 0 0 23.4-18.6l24-104a24.29 24.29 0 0 0-14.01-27.6z\"><\/path><\/svg>\t\t\t\t\t\t<\/span>\n\t\t\t\t\t\t\t\t\t\t<span class=\"elementor-icon-list-text\">24 99885-8155<\/span>\n\t\t\t\t\t\t\t\t\t<\/li>\n\t\t\t\t\t\t\t\t<li class=\"elementor-icon-list-item\">\n\t\t\t\t\t\t\t\t\t\t\t<span class=\"elementor-icon-list-icon\">\n\t\t\t\t\t\t\t<svg aria-hidden=\"true\" class=\"e-font-icon-svg e-fas-envelope\" viewBox=\"0 0 512 512\" xmlns=\"http:\/\/www.w3.org\/2000\/svg\"><path d=\"M502.3 190.8c3.9-3.1 9.7-.2 9.7 4.7V400c0 26.5-21.5 48-48 48H48c-26.5 0-48-21.5-48-48V195.6c0-5 5.7-7.8 9.7-4.7 22.4 17.4 52.1 39.5 154.1 113.6 21.1 15.4 56.7 47.8 92.2 47.6 35.7.3 72-32.8 92.3-47.6 102-74.1 131.6-96.3 154-113.7zM256 320c23.2.4 56.6-29.2 73.4-41.4 132.7-96.3 142.8-104.7 173.4-128.7 5.8-4.5 9.2-11.5 9.2-18.9v-19c0-26.5-21.5-48-48-48H48C21.5 64 0 85.5 0 112v19c0 7.4 3.4 14.3 9.2 18.9 30.6 23.9 40.7 32.4 173.4 128.7 16.8 12.2 50.2 41.8 73.4 41.4z\"><\/path><\/svg>\t\t\t\t\t\t<\/span>\n\t\t\t\t\t\t\t\t\t\t<span class=\"elementor-icon-list-text\">admgmgssma@gmail.com<\/span>\n\t\t\t\t\t\t\t\t\t<\/li>\n\t\t\t\t\t\t\t\t<li class=\"elementor-icon-list-item\">\n\t\t\t\t\t\t\t\t\t\t\t<span class=\"elementor-icon-list-icon\">\n\t\t\t\t\t\t\t<svg aria-hidden=\"true\" class=\"e-font-icon-svg e-fas-map-marker-alt\" viewBox=\"0 0 384 512\" xmlns=\"http:\/\/www.w3.org\/2000\/svg\"><path d=\"M172.268 501.67C26.97 291.031 0 269.413 0 192 0 85.961 85.961 0 192 0s192 85.961 192 192c0 77.413-26.97 99.031-172.268 309.67-9.535 13.774-29.93 13.773-39.464 0zM192 272c44.183 0 80-35.817 80-80s-35.817-80-80-80-80 35.817-80 80 35.817 80 80 80z\"><\/path><\/svg>\t\t\t\t\t\t<\/span>\n\t\t\t\t\t\t\t\t\t\t<span class=\"elementor-icon-list-text\">Avenida Francisco Vilela, 317 Centro Barra Mansa<\/span>\n\t\t\t\t\t\t\t\t\t<\/li>\n\t\t\t\t\t\t<\/ul>\n\t\t\t\t\t\t<\/div>\n\t\t\t\t<\/div>\n\t\t\t\t\t<\/div>\n\t\t<\/div>\n\t\t\t\t\t<\/div>\n\t\t<\/section>\n\t\t\t\t\t<\/div>\n\t\t<\/div>\n\t\t\t\t\t<\/div>\n\t\t<\/section>\n\t\t\t\t<\/div>\n\t\t","protected":false},"excerpt":{"rendered":"<p>Desenvolvimento de Projetos Workfit Inova\u00e7\u00e3o e Impacto Social no Desenvolvimento de Projetos Na GMG Solu\u00e7\u00f5es em Medicina e Seguran\u00e7a do Trabalho, o nosso setor de desenvolvimento de projetos \u00e9 voltado para a cria\u00e7\u00e3o de solu\u00e7\u00f5es que impulsionam nossos clientes e a sociedade. Desenvolvemos a\u00e7\u00f5es estrat\u00e9gicas de marketing, projetos de tecnologia de ponta, e iniciativas voltadas \u00e0 seguran\u00e7a do trabalho, sempre com o foco em aumentar a efici\u00eancia e promover a sa\u00fade e o bem-estar nas empresas. \u00a0 Trabalhamos lado a lado com nossos clientes para implementar projetos personalizados que atendam suas necessidades espec\u00edficas, desde a automa\u00e7\u00e3o de processos at\u00e9 a implanta\u00e7\u00e3o de sistemas de seguran\u00e7a e conformidade. Nossa equipe multidisciplinar combina expertise t\u00e9cnica com vis\u00e3o inovadora, \u2026Al\u00e9m dos nossos projetos internos, temos orgulho de nossos projetos sociais e externos, que v\u00e3o al\u00e9m do ambiente corporativo. Um exemplo \u00e9 nossa iniciativa especial para o Dia das Crian\u00e7as, onde implementamos a\u00e7\u00f5es sociais voltadas para o bem-estar e a alegria de crian\u00e7as em situa\u00e7\u00e3o de vulnerabilidade. Essas a\u00e7\u00f5es refor\u00e7am o compromisso da GMG Solu\u00e7\u00f5es n\u00e3o apenas com a excel\u00eancia empresarial, mas tamb\u00e9m com o impacto positivo na comunidade. Com a GMG Solu\u00e7\u00f5es, inova\u00e7\u00e3o, responsabilidade social e seguran\u00e7a caminham juntos para criar um futuro melhor. Volta Redonda 24 3343-0888 atendimento@gmgssma.com Rua Nossa Senhora da Concei\u00e7\u00e3o, 138 Conforto Volta Redonda Barra Mansa 24 99885-8155 admgmgssma@gmail.com Avenida Francisco Vilela, 317 Centro Barra Mansa<\/p>\n","protected":false},"author":1,"featured_media":0,"parent":0,"menu_order":0,"comment_status":"closed","ping_status":"closed","template":"elementor_canvas","meta":{"footnotes":""},"class_list":["post-2362","page","type-page","status-publish","hentry"],"_links":{"self":[{"href":"https:\/\/gmgssma.com\/index.php\/wp-json\/wp\/v2\/pages\/2362","targetHints":{"allow":["GET"]}}],"collection":[{"href":"https:\/\/gmgssma.com\/index.php\/wp-json\/wp\/v2\/pages"}],"about":[{"href":"https:\/\/gmgssma.com\/index.php\/wp-json\/wp\/v2\/types\/page"}],"author":[{"embeddable":true,"href":"https:\/\/gmgssma.com\/index.php\/wp-json\/wp\/v2\/users\/1"}],"replies":[{"embeddable":true,"href":"https:\/\/gmgssma.com\/index.php\/wp-json\/wp\/v2\/comments?post=2362"}],"version-history":[{"count":4,"href":"https:\/\/gmgssma.com\/index.php\/wp-json\/wp\/v2\/pages\/2362\/revisions"}],"predecessor-version":[{"id":2366,"href":"https:\/\/gmgssma.com\/index.php\/wp-json\/wp\/v2\/pages\/2362\/revisions\/2366"}],"wp:attachment":[{"href":"https:\/\/gmgssma.com\/index.php\/wp-json\/wp\/v2\/media?parent=2362"}],"curies":[{"name":"wp","href":"https:\/\/api.w.org\/{rel}","templated":true}]}}