{"id":2179,"date":"2024-09-24T10:35:42","date_gmt":"2024-09-24T13:35:42","guid":{"rendered":"https:\/\/gmgssma.com\/?page_id=2179"},"modified":"2024-09-24T10:37:36","modified_gmt":"2024-09-24T13:37:36","slug":"seguranca-do-trabalho","status":"publish","type":"page","link":"https:\/\/gmgssma.com\/index.php\/seguranca-do-trabalho\/","title":{"rendered":"Seguran\u00e7a do Trabalho"},"content":{"rendered":"\t\t<div data-elementor-type=\"wp-page\" data-elementor-id=\"2179\" class=\"elementor elementor-2179\">\n\t\t\t\t\t\t<section class=\"elementor-section elementor-top-section elementor-element elementor-element-faae4a9 elementor-section-boxed elementor-section-height-default elementor-section-height-default wpr-particle-no wpr-jarallax-no wpr-parallax-no wpr-sticky-section-no\" data-id=\"faae4a9\" data-element_type=\"section\" data-settings=\"{&quot;background_background&quot;:&quot;classic&quot;}\">\n\t\t\t\t\t\t\t<div class=\"elementor-background-overlay\"><\/div>\n\t\t\t\t\t\t\t<div class=\"elementor-container elementor-column-gap-default\">\n\t\t\t\t\t<div class=\"elementor-column elementor-col-100 elementor-top-column elementor-element elementor-element-1f33d38\" data-id=\"1f33d38\" data-element_type=\"column\">\n\t\t\t<div class=\"elementor-widget-wrap elementor-element-populated\">\n\t\t\t\t\t\t<div class=\"elementor-element elementor-element-ccb7aa5 elementor-widget elementor-widget-heading\" data-id=\"ccb7aa5\" data-element_type=\"widget\" data-widget_type=\"heading.default\">\n\t\t\t\t<div class=\"elementor-widget-container\">\n\t\t\t\t\t<h2 class=\"elementor-heading-title elementor-size-default\">Seguran\u00e7a do Trabalho<\/h2>\t\t\t\t<\/div>\n\t\t\t\t<\/div>\n\t\t\t\t\t<\/div>\n\t\t<\/div>\n\t\t\t\t\t<\/div>\n\t\t<\/section>\n\t\t\t\t<section class=\"elementor-section elementor-top-section elementor-element elementor-element-6be83f5 elementor-section-boxed elementor-section-height-default elementor-section-height-default wpr-particle-no wpr-jarallax-no wpr-parallax-no wpr-sticky-section-no\" data-id=\"6be83f5\" data-element_type=\"section\" data-settings=\"{&quot;background_background&quot;:&quot;classic&quot;}\">\n\t\t\t\t\t\t\t<div class=\"elementor-background-overlay\"><\/div>\n\t\t\t\t\t\t\t<div class=\"elementor-container elementor-column-gap-wide\">\n\t\t\t\t\t<div class=\"elementor-column elementor-col-100 elementor-top-column elementor-element elementor-element-9c7865b\" data-id=\"9c7865b\" data-element_type=\"column\">\n\t\t\t<div class=\"elementor-widget-wrap elementor-element-populated\">\n\t\t\t\t\t\t<div class=\"elementor-element elementor-element-d4d7644 elementor-widget elementor-widget-heading\" data-id=\"d4d7644\" data-element_type=\"widget\" data-widget_type=\"heading.default\">\n\t\t\t\t<div class=\"elementor-widget-container\">\n\t\t\t\t\t<h2 class=\"elementor-heading-title elementor-size-default\">Preserva\u00e7\u00e3o da sa\u00fade e integridade f\u00edsica<\/h2>\t\t\t\t<\/div>\n\t\t\t\t<\/div>\n\t\t\t\t<div class=\"elementor-element elementor-element-270c94d elementor-widget__width-initial elementor-widget elementor-widget-text-editor\" data-id=\"270c94d\" data-element_type=\"widget\" data-widget_type=\"text-editor.default\">\n\t\t\t\t<div class=\"elementor-widget-container\">\n\t\t\t\t\t\t\t\t\t<div class=\"section-heading\"><section id=\"about\"><div class=\"container-fluid\"><div class=\"col-md-7 col-md-offset-5 col-sm-8 col-sm-offset-2 col-xs-12 text-inner\"><div class=\"text-block\"><p>Seguran\u00e7a do Trabalho \u00e9 o conjunto de pr\u00e1ticas e normas voltadas \u00e0 preserva\u00e7\u00e3o da sa\u00fade e integridade f\u00edsica dos trabalhadores dentro de um ambiente de trabalho. Essas a\u00e7\u00f5es s\u00e3o essenciais para garantir que todas as atividades realizadas nas empresas ocorram de forma segura, reduzindo o risco de acidentes, doen\u00e7as ocupacionais e promovendo o bem-estar de todos os colaboradores.<\/p><p>\u00a0<\/p><p>O objetivo principal da Seguran\u00e7a do Trabalho \u00e9 prevenir e minimizar riscos, protegendo tanto os trabalhadores quanto o patrim\u00f4nio das empresas. Para isso, s\u00e3o adotadas medidas como a implementa\u00e7\u00e3o de Equipamentos de Prote\u00e7\u00e3o Individual (EPIs), treinamento constante dos colaboradores, an\u00e1lise de riscos nos ambientes e cumprimento das Normas Regulamentadoras (NRs), que s\u00e3o diretrizes \u2026<br \/>Empresas que investem em Seguran\u00e7a do Trabalho n\u00e3o apenas evitam acidentes, mas tamb\u00e9m melhoram a produtividade, reduzem custos com afastamentos e promovem um ambiente mais saud\u00e1vel e motivador. Ao priorizar a prote\u00e7\u00e3o de seus funcion\u00e1rios, a empresa demonstra compromisso com a responsabilidade social e com a constru\u00e7\u00e3o de um futuro sustent\u00e1vel para seus neg\u00f3cios.<\/p><p>Ter uma pol\u00edtica robusta de Seguran\u00e7a do Trabalho \u00e9 um passo fundamental para qualquer empresa que busca crescimento s\u00f3lido, seguro e alinhado com as melhores pr\u00e1ticas do mercado.<\/p><\/div><\/div><\/div><\/section><\/div>\t\t\t\t\t\t\t\t<\/div>\n\t\t\t\t<\/div>\n\t\t\t\t\t<\/div>\n\t\t<\/div>\n\t\t\t\t\t<\/div>\n\t\t<\/section>\n\t\t\t\t<\/div>\n\t\t","protected":false},"excerpt":{"rendered":"<p>Seguran\u00e7a do Trabalho Preserva\u00e7\u00e3o da sa\u00fade e integridade f\u00edsica Seguran\u00e7a do Trabalho \u00e9 o conjunto de pr\u00e1ticas e normas voltadas \u00e0 preserva\u00e7\u00e3o da sa\u00fade e integridade f\u00edsica dos trabalhadores dentro de um ambiente de trabalho. Essas a\u00e7\u00f5es s\u00e3o essenciais para garantir que todas as atividades realizadas nas empresas ocorram de forma segura, reduzindo o risco de acidentes, doen\u00e7as ocupacionais e promovendo o bem-estar de todos os colaboradores. \u00a0 O objetivo principal da Seguran\u00e7a do Trabalho \u00e9 prevenir e minimizar riscos, protegendo tanto os trabalhadores quanto o patrim\u00f4nio das empresas. Para isso, s\u00e3o adotadas medidas como a implementa\u00e7\u00e3o de Equipamentos de Prote\u00e7\u00e3o Individual (EPIs), treinamento constante dos colaboradores, an\u00e1lise de riscos nos ambientes e cumprimento das Normas Regulamentadoras (NRs), que s\u00e3o diretrizes \u2026Empresas que investem em Seguran\u00e7a do Trabalho n\u00e3o apenas evitam acidentes, mas tamb\u00e9m melhoram a produtividade, reduzem custos com afastamentos e promovem um ambiente mais saud\u00e1vel e motivador. Ao priorizar a prote\u00e7\u00e3o de seus funcion\u00e1rios, a empresa demonstra compromisso com a responsabilidade social e com a constru\u00e7\u00e3o de um futuro sustent\u00e1vel para seus neg\u00f3cios. Ter uma pol\u00edtica robusta de Seguran\u00e7a do Trabalho \u00e9 um passo fundamental para qualquer empresa que busca crescimento s\u00f3lido, seguro e alinhado com as melhores pr\u00e1ticas do mercado.<\/p>\n","protected":false},"author":1,"featured_media":0,"parent":0,"menu_order":0,"comment_status":"closed","ping_status":"closed","template":"elementor_canvas","meta":{"footnotes":""},"class_list":["post-2179","page","type-page","status-publish","hentry"],"_links":{"self":[{"href":"https:\/\/gmgssma.com\/index.php\/wp-json\/wp\/v2\/pages\/2179","targetHints":{"allow":["GET"]}}],"collection":[{"href":"https:\/\/gmgssma.com\/index.php\/wp-json\/wp\/v2\/pages"}],"about":[{"href":"https:\/\/gmgssma.com\/index.php\/wp-json\/wp\/v2\/types\/page"}],"author":[{"embeddable":true,"href":"https:\/\/gmgssma.com\/index.php\/wp-json\/wp\/v2\/users\/1"}],"replies":[{"embeddable":true,"href":"https:\/\/gmgssma.com\/index.php\/wp-json\/wp\/v2\/comments?post=2179"}],"version-history":[{"count":4,"href":"https:\/\/gmgssma.com\/index.php\/wp-json\/wp\/v2\/pages\/2179\/revisions"}],"predecessor-version":[{"id":2183,"href":"https:\/\/gmgssma.com\/index.php\/wp-json\/wp\/v2\/pages\/2179\/revisions\/2183"}],"wp:attachment":[{"href":"https:\/\/gmgssma.com\/index.php\/wp-json\/wp\/v2\/media?parent=2179"}],"curies":[{"name":"wp","href":"https:\/\/api.w.org\/{rel}","templated":true}]}}