{"id":1565,"date":"2023-09-06T14:07:30","date_gmt":"2023-09-06T17:07:30","guid":{"rendered":"https:\/\/demosites.royal-elementor-addons.com\/solar-energy-v1\/?page_id=9"},"modified":"2024-11-26T15:53:04","modified_gmt":"2024-11-26T18:53:04","slug":"sobre","status":"publish","type":"page","link":"https:\/\/gmgssma.com\/index.php\/sobre\/","title":{"rendered":"Sobre"},"content":{"rendered":"\t\t<div data-elementor-type=\"wp-page\" data-elementor-id=\"1565\" class=\"elementor elementor-1565\">\n\t\t\t\t\t\t<section class=\"elementor-section elementor-top-section elementor-element elementor-element-5170393 elementor-section-boxed elementor-section-height-default elementor-section-height-default wpr-particle-no wpr-jarallax-no wpr-parallax-no wpr-sticky-section-no\" data-id=\"5170393\" data-element_type=\"section\" data-settings=\"{&quot;background_background&quot;:&quot;classic&quot;}\">\n\t\t\t\t\t\t\t<div class=\"elementor-background-overlay\"><\/div>\n\t\t\t\t\t\t\t<div class=\"elementor-container elementor-column-gap-default\">\n\t\t\t\t\t<div class=\"elementor-column elementor-col-100 elementor-top-column elementor-element elementor-element-c53ab0d\" data-id=\"c53ab0d\" data-element_type=\"column\">\n\t\t\t<div class=\"elementor-widget-wrap elementor-element-populated\">\n\t\t\t\t\t\t<div class=\"elementor-element elementor-element-b709dc4 elementor-widget elementor-widget-heading\" data-id=\"b709dc4\" data-element_type=\"widget\" data-widget_type=\"heading.default\">\n\t\t\t\t<div class=\"elementor-widget-container\">\n\t\t\t\t\t<h2 class=\"elementor-heading-title elementor-size-default\">Sobre nossa empresa<\/h2>\t\t\t\t<\/div>\n\t\t\t\t<\/div>\n\t\t\t\t<div class=\"elementor-element elementor-element-6971f64 elementor-widget elementor-widget-text-editor\" data-id=\"6971f64\" data-element_type=\"widget\" data-widget_type=\"text-editor.default\">\n\t\t\t\t<div class=\"elementor-widget-container\">\n\t\t\t\t\t\t\t\t\t<p>GMG Soluc\u0327o\u0303es<\/p>\t\t\t\t\t\t\t\t<\/div>\n\t\t\t\t<\/div>\n\t\t\t\t\t<\/div>\n\t\t<\/div>\n\t\t\t\t\t<\/div>\n\t\t<\/section>\n\t\t\t\t<section class=\"elementor-section elementor-top-section elementor-element elementor-element-dbd083e elementor-section-boxed elementor-section-height-default elementor-section-height-default wpr-particle-no wpr-jarallax-no wpr-parallax-no wpr-sticky-section-no\" data-id=\"dbd083e\" data-element_type=\"section\">\n\t\t\t\t\t\t<div class=\"elementor-container elementor-column-gap-wide\">\n\t\t\t\t\t<div class=\"elementor-column elementor-col-50 elementor-top-column elementor-element elementor-element-6d62b65 elementor-invisible\" data-id=\"6d62b65\" data-element_type=\"column\" data-settings=\"{&quot;animation&quot;:&quot;slideInLeft&quot;}\">\n\t\t\t<div class=\"elementor-widget-wrap elementor-element-populated\">\n\t\t\t\t\t\t<div class=\"elementor-element elementor-element-38735c3 elementor-widget elementor-widget-heading\" data-id=\"38735c3\" data-element_type=\"widget\" data-widget_type=\"heading.default\">\n\t\t\t\t<div class=\"elementor-widget-container\">\n\t\t\t\t\t<h2 class=\"elementor-heading-title elementor-size-default\">GMG Soluc\u0327o\u0303es<\/h2>\t\t\t\t<\/div>\n\t\t\t\t<\/div>\n\t\t\t\t<div class=\"elementor-element elementor-element-b00f6cb elementor-widget elementor-widget-text-editor\" data-id=\"b00f6cb\" data-element_type=\"widget\" data-widget_type=\"text-editor.default\">\n\t\t\t\t<div class=\"elementor-widget-container\">\n\t\t\t\t\t\t\t\t\t<h6>\u00a0 A <strong>GMG Solu\u00e7\u00f5es<\/strong> de Seguran\u00e7a do Trabalho e Meio Ambiente \u00e9 um grupo inovador no mercado, que traz para a sua empresa, n\u00e3o apenas uma simples consultoria na \u00e1rea de Seguran\u00e7a do Trabalho e Meio Ambiente, mas sim a solu\u00e7\u00e3o sob medida para sua empresa.<br \/><br \/>\u00a0 Estamos trazendo ao mercado uma forma inovadora para atendimento de nossos clientes, sempre buscando a melhoria continua para o atendimento de todos, total qualidade na realiza\u00e7\u00e3o de nossos servi\u00e7os e sempre com total compromisso com nossos prazos.<br \/>Nosso corpo t\u00e9cnico conta com uma equipe com mais de <strong>10 anos<\/strong> de experi\u00eancia na \u00e1rea de Seguran\u00e7a do Trabalho e Meio Ambiente, sempre atendendo a todas as normas do Minist\u00e9rio do <strong>Trabalho e do Meio Ambiente<\/strong>.<br \/><br \/>\u00a0 N\u00e3o seja pego de surpresa pelos \u00f3rg\u00e3os regulamentadores. Venha voc\u00ea fazer parte desse grupo inovador, venha adquirir a solu\u00e7\u00f5es sob medida para sua empresa.<\/h6>\t\t\t\t\t\t\t\t<\/div>\n\t\t\t\t<\/div>\n\t\t\t\t<div class=\"elementor-element elementor-element-13f19ce wpr-button-icon-style-inline wpr-button-icon-position-right elementor-widget elementor-widget-wpr-button\" data-id=\"13f19ce\" data-element_type=\"widget\" data-widget_type=\"wpr-button.default\">\n\t\t\t\t<div class=\"elementor-widget-container\">\n\t\t\t\t\t\t\n\t\t\t\n\t\t\n\t\t<div class=\"wpr-button-wrap elementor-clearfix\">\n\t\t<a class=\"wpr-button wpr-button-effect wpr-button-none\" data-text=\"Go\" href=\"#link\">\n\t\t\t\n\t\t\t<span class=\"wpr-button-content\">\n\t\t\t\t\t\t\t\t\t<span class=\"wpr-button-text\">MAIS INFORMA\u00c7\u00d5ES<\/span>\n\t\t\t\t\t\t\t\t\n\t\t\t\t\t\t\t<\/span>\n\t\t<\/a>\n\n\t\t\t\t<\/div>\n\t\n\t\n\t\t\t\t\t<\/div>\n\t\t\t\t<\/div>\n\t\t\t\t\t<\/div>\n\t\t<\/div>\n\t\t\t\t<div class=\"elementor-column elementor-col-50 elementor-top-column elementor-element elementor-element-222b6ab elementor-invisible\" data-id=\"222b6ab\" data-element_type=\"column\" data-settings=\"{&quot;animation&quot;:&quot;slideInRight&quot;}\">\n\t\t\t<div class=\"elementor-widget-wrap elementor-element-populated\">\n\t\t\t\t\t\t<div class=\"elementor-element elementor-element-4050e09 elementor-widget elementor-widget-image\" data-id=\"4050e09\" data-element_type=\"widget\" data-widget_type=\"image.default\">\n\t\t\t\t<div class=\"elementor-widget-container\">\n\t\t\t\t\t\t\t\t\t\t\t\t\t\t\t<img fetchpriority=\"high\" decoding=\"async\" width=\"394\" height=\"388\" src=\"https:\/\/gmgssma.com\/wp-content\/uploads\/2024\/08\/IMAGEns.png\" class=\"attachment-large size-large wp-image-1735\" alt=\"\" srcset=\"https:\/\/gmgssma.com\/wp-content\/uploads\/2024\/08\/IMAGEns.png 394w, https:\/\/gmgssma.com\/wp-content\/uploads\/2024\/08\/IMAGEns-300x295.png 300w\" sizes=\"(max-width: 394px) 100vw, 394px\" \/>\t\t\t\t\t\t\t\t\t\t\t\t\t\t\t<\/div>\n\t\t\t\t<\/div>\n\t\t\t\t\t<\/div>\n\t\t<\/div>\n\t\t\t\t\t<\/div>\n\t\t<\/section>\n\t\t\t\t<section class=\"elementor-section elementor-top-section elementor-element elementor-element-056ce89 elementor-section-boxed elementor-section-height-default elementor-section-height-default wpr-particle-no wpr-jarallax-no wpr-parallax-no wpr-sticky-section-no\" data-id=\"056ce89\" data-element_type=\"section\">\n\t\t\t\t\t\t\t<div class=\"elementor-background-overlay\"><\/div>\n\t\t\t\t\t\t\t<div class=\"elementor-container elementor-column-gap-default\">\n\t\t\t\t\t<div class=\"elementor-column elementor-col-100 elementor-top-column elementor-element elementor-element-5f179b2 elementor-invisible\" data-id=\"5f179b2\" data-element_type=\"column\" data-settings=\"{&quot;animation&quot;:&quot;fadeIn&quot;}\">\n\t\t\t<div class=\"elementor-widget-wrap elementor-element-populated\">\n\t\t\t\t\t\t<section class=\"elementor-section elementor-inner-section elementor-element elementor-element-129b25f elementor-section-boxed elementor-section-height-default elementor-section-height-default wpr-particle-no wpr-jarallax-no wpr-parallax-no wpr-sticky-section-no\" data-id=\"129b25f\" data-element_type=\"section\">\n\t\t\t\t\t\t<div class=\"elementor-container elementor-column-gap-default\">\n\t\t\t\t\t<div class=\"elementor-column elementor-col-100 elementor-inner-column elementor-element elementor-element-cd9135b\" data-id=\"cd9135b\" data-element_type=\"column\">\n\t\t\t<div class=\"elementor-widget-wrap elementor-element-populated\">\n\t\t\t\t\t\t<div class=\"elementor-element elementor-element-9edc758 elementor-widget elementor-widget-heading\" data-id=\"9edc758\" data-element_type=\"widget\" data-widget_type=\"heading.default\">\n\t\t\t\t<div class=\"elementor-widget-container\">\n\t\t\t\t\t<h2 class=\"elementor-heading-title elementor-size-default\">EMPRESA<\/h2>\t\t\t\t<\/div>\n\t\t\t\t<\/div>\n\t\t\t\t<div class=\"elementor-element elementor-element-b58c42e elementor-widget elementor-widget-heading\" data-id=\"b58c42e\" data-element_type=\"widget\" data-widget_type=\"heading.default\">\n\t\t\t\t<div class=\"elementor-widget-container\">\n\t\t\t\t\t<h2 class=\"elementor-heading-title elementor-size-default\">SOLU\u00c7\u00c3O EM MEDICINA OCUPACIONAL SERGURAN\u00c7A DO TRABALHO E MEIO AMBIENTE<\/h2>\t\t\t\t<\/div>\n\t\t\t\t<\/div>\n\t\t\t\t<div class=\"elementor-element elementor-element-2836740 elementor-widget elementor-widget-text-editor\" data-id=\"2836740\" data-element_type=\"widget\" data-widget_type=\"text-editor.default\">\n\t\t\t\t<div class=\"elementor-widget-container\">\n\t\t\t\t\t\t\t\t\t<p>Raz\u00e3o Social: HM Seguran\u00e7a do Trabalho e Meio Ambiente<\/p>\t\t\t\t\t\t\t\t<\/div>\n\t\t\t\t<\/div>\n\t\t\t\t\t<\/div>\n\t\t<\/div>\n\t\t\t\t\t<\/div>\n\t\t<\/section>\n\t\t\t\t\t<\/div>\n\t\t<\/div>\n\t\t\t\t\t<\/div>\n\t\t<\/section>\n\t\t\t\t<section class=\"elementor-section elementor-top-section elementor-element elementor-element-0b455c0 elementor-section-boxed elementor-section-height-default elementor-section-height-default wpr-particle-no wpr-jarallax-no wpr-parallax-no wpr-sticky-section-no\" data-id=\"0b455c0\" data-element_type=\"section\">\n\t\t\t\t\t\t<div class=\"elementor-container elementor-column-gap-default\">\n\t\t\t\t\t<div class=\"elementor-column elementor-col-50 elementor-top-column elementor-element elementor-element-c3d7072 elementor-invisible\" data-id=\"c3d7072\" data-element_type=\"column\" data-settings=\"{&quot;animation&quot;:&quot;slideInLeft&quot;}\">\n\t\t\t<div class=\"elementor-widget-wrap elementor-element-populated\">\n\t\t\t\t\t\t<div class=\"elementor-element elementor-element-45a57b1 elementor-widget elementor-widget-heading\" data-id=\"45a57b1\" data-element_type=\"widget\" data-widget_type=\"heading.default\">\n\t\t\t\t<div class=\"elementor-widget-container\">\n\t\t\t\t\t<h2 class=\"elementor-heading-title elementor-size-default\">NOSSA MISS\u00c3O<\/h2>\t\t\t\t<\/div>\n\t\t\t\t<\/div>\n\t\t\t\t<div class=\"elementor-element elementor-element-c7156c0 elementor-widget elementor-widget-text-editor\" data-id=\"c7156c0\" data-element_type=\"widget\" data-widget_type=\"text-editor.default\">\n\t\t\t\t<div class=\"elementor-widget-container\">\n\t\t\t\t\t\t\t\t\t<p>Oferecer todos nossos servi\u00e7os\u00a0 com total qualidade e agilidade atendendo todos os conceitos aos modernos conceitos socioambientais e sempre atentando\u00a0 a satisfa\u00e7\u00e3o total dos nossos clientes.<\/p>\t\t\t\t\t\t\t\t<\/div>\n\t\t\t\t<\/div>\n\t\t\t\t<div class=\"elementor-element elementor-element-f5f7f83 elementor-widget elementor-widget-heading\" data-id=\"f5f7f83\" data-element_type=\"widget\" data-widget_type=\"heading.default\">\n\t\t\t\t<div class=\"elementor-widget-container\">\n\t\t\t\t\t<h2 class=\"elementor-heading-title elementor-size-default\">NOSSA VIS\u00c3O<\/h2>\t\t\t\t<\/div>\n\t\t\t\t<\/div>\n\t\t\t\t<div class=\"elementor-element elementor-element-ebc7652 elementor-widget elementor-widget-text-editor\" data-id=\"ebc7652\" data-element_type=\"widget\" data-widget_type=\"text-editor.default\">\n\t\t\t\t<div class=\"elementor-widget-container\">\n\t\t\t\t\t\t\t\t\t<p>Ser uma empresa inovadora nosso pa\u00eds e refer\u00eancia em qualidade nos servi\u00e7os prestados a nossos clientes sempre buscando uma melhoria continua e as melhores solu\u00e7\u00f5es.<\/p>\t\t\t\t\t\t\t\t<\/div>\n\t\t\t\t<\/div>\n\t\t\t\t<div class=\"elementor-element elementor-element-ffda5a6 elementor-widget elementor-widget-heading\" data-id=\"ffda5a6\" data-element_type=\"widget\" data-widget_type=\"heading.default\">\n\t\t\t\t<div class=\"elementor-widget-container\">\n\t\t\t\t\t<h2 class=\"elementor-heading-title elementor-size-default\">NOSSA POL\u00cdTICA\u200b<\/h2>\t\t\t\t<\/div>\n\t\t\t\t<\/div>\n\t\t\t\t<div class=\"elementor-element elementor-element-52336f9 elementor-widget elementor-widget-text-editor\" data-id=\"52336f9\" data-element_type=\"widget\" data-widget_type=\"text-editor.default\">\n\t\t\t\t<div class=\"elementor-widget-container\">\n\t\t\t\t\t\t\t\t\t<p>A <strong>GMG Solu\u00e7\u00f5es<\/strong> em Seguran\u00e7a do Trabalho e Meio Ambiente tem como primordial a confian\u00e7a, transpar\u00eancia e \u00e9tica profissional para com seus clientes a total Qualidade no atendimento de seus servi\u00e7os prestados e proatividade de todos nossos profissionais sempre em busca da total satisfa\u00e7\u00e3o do cliente.<br \/><br \/>A <strong>GMG Solu\u00e7\u00f5es<\/strong> tem o seu compromisso com a sociedade e meio-ambiente<br \/>Sempre Respeita \u00e0 lei, acordos e conven\u00e7\u00f5es.<\/p><p>\u00a0<\/p>\t\t\t\t\t\t\t\t<\/div>\n\t\t\t\t<\/div>\n\t\t\t\t\t<\/div>\n\t\t<\/div>\n\t\t\t\t<div class=\"elementor-column elementor-col-50 elementor-top-column elementor-element elementor-element-e0672eb elementor-hidden-tablet elementor-hidden-mobile elementor-invisible\" data-id=\"e0672eb\" data-element_type=\"column\" data-settings=\"{&quot;animation&quot;:&quot;slideInRight&quot;}\">\n\t\t\t<div class=\"elementor-widget-wrap elementor-element-populated\">\n\t\t\t\t\t\t<div class=\"elementor-element elementor-element-619899b elementor-widget elementor-widget-image\" data-id=\"619899b\" data-element_type=\"widget\" data-widget_type=\"image.default\">\n\t\t\t\t<div class=\"elementor-widget-container\">\n\t\t\t\t\t\t\t\t\t\t\t\t\t\t\t<img decoding=\"async\" width=\"1490\" height=\"1600\" src=\"https:\/\/gmgssma.com\/wp-content\/uploads\/2024\/10\/97a44cbd-4437-4915-9881-cae2182162d9.jpg\" class=\"attachment-full size-full wp-image-2302\" alt=\"\" srcset=\"https:\/\/gmgssma.com\/wp-content\/uploads\/2024\/10\/97a44cbd-4437-4915-9881-cae2182162d9.jpg 1490w, https:\/\/gmgssma.com\/wp-content\/uploads\/2024\/10\/97a44cbd-4437-4915-9881-cae2182162d9-279x300.jpg 279w, https:\/\/gmgssma.com\/wp-content\/uploads\/2024\/10\/97a44cbd-4437-4915-9881-cae2182162d9-954x1024.jpg 954w, https:\/\/gmgssma.com\/wp-content\/uploads\/2024\/10\/97a44cbd-4437-4915-9881-cae2182162d9-768x825.jpg 768w, https:\/\/gmgssma.com\/wp-content\/uploads\/2024\/10\/97a44cbd-4437-4915-9881-cae2182162d9-1430x1536.jpg 1430w\" sizes=\"(max-width: 1490px) 100vw, 1490px\" \/>\t\t\t\t\t\t\t\t\t\t\t\t\t\t\t<\/div>\n\t\t\t\t<\/div>\n\t\t\t\t\t<\/div>\n\t\t<\/div>\n\t\t\t\t\t<\/div>\n\t\t<\/section>\n\t\t<div class=\"elementor-element elementor-element-a14730d e-flex e-con-boxed wpr-particle-no wpr-jarallax-no wpr-parallax-no wpr-sticky-section-no e-con e-parent\" data-id=\"a14730d\" data-element_type=\"container\">\n\t\t\t\t\t<div class=\"e-con-inner\">\n\t\t\t\t<div class=\"elementor-element elementor-element-228adaf elementor-widget elementor-widget-image\" data-id=\"228adaf\" data-element_type=\"widget\" data-widget_type=\"image.default\">\n\t\t\t\t<div class=\"elementor-widget-container\">\n\t\t\t\t\t\t\t\t\t\t\t\t\t\t\t<img decoding=\"async\" width=\"960\" height=\"960\" src=\"https:\/\/gmgssma.com\/wp-content\/uploads\/2024\/10\/42e91551-b55f-4c8c-9ca1-d8b2b8749864-1024x1024.jpg\" class=\"attachment-large size-large wp-image-2376\" alt=\"\" srcset=\"https:\/\/gmgssma.com\/wp-content\/uploads\/2024\/10\/42e91551-b55f-4c8c-9ca1-d8b2b8749864-1024x1024.jpg 1024w, https:\/\/gmgssma.com\/wp-content\/uploads\/2024\/10\/42e91551-b55f-4c8c-9ca1-d8b2b8749864-300x300.jpg 300w, https:\/\/gmgssma.com\/wp-content\/uploads\/2024\/10\/42e91551-b55f-4c8c-9ca1-d8b2b8749864-150x150.jpg 150w, https:\/\/gmgssma.com\/wp-content\/uploads\/2024\/10\/42e91551-b55f-4c8c-9ca1-d8b2b8749864-768x768.jpg 768w, https:\/\/gmgssma.com\/wp-content\/uploads\/2024\/10\/42e91551-b55f-4c8c-9ca1-d8b2b8749864.jpg 1080w\" sizes=\"(max-width: 960px) 100vw, 960px\" \/>\t\t\t\t\t\t\t\t\t\t\t\t\t\t\t<\/div>\n\t\t\t\t<\/div>\n\t\t\t\t<div class=\"elementor-element elementor-element-549296f elementor-widget elementor-widget-image\" data-id=\"549296f\" data-element_type=\"widget\" data-widget_type=\"image.default\">\n\t\t\t\t<div class=\"elementor-widget-container\">\n\t\t\t\t\t\t\t\t\t\t\t\t\t\t\t<img loading=\"lazy\" decoding=\"async\" width=\"960\" height=\"720\" src=\"https:\/\/gmgssma.com\/wp-content\/uploads\/2024\/10\/8660ec39-aa77-4127-b0bb-1480933dc3f7-1024x768.jpg\" class=\"attachment-large size-large wp-image-2303\" alt=\"\" srcset=\"https:\/\/gmgssma.com\/wp-content\/uploads\/2024\/10\/8660ec39-aa77-4127-b0bb-1480933dc3f7-1024x768.jpg 1024w, https:\/\/gmgssma.com\/wp-content\/uploads\/2024\/10\/8660ec39-aa77-4127-b0bb-1480933dc3f7-300x225.jpg 300w, https:\/\/gmgssma.com\/wp-content\/uploads\/2024\/10\/8660ec39-aa77-4127-b0bb-1480933dc3f7-768x576.jpg 768w, https:\/\/gmgssma.com\/wp-content\/uploads\/2024\/10\/8660ec39-aa77-4127-b0bb-1480933dc3f7.jpg 1280w\" sizes=\"(max-width: 960px) 100vw, 960px\" \/>\t\t\t\t\t\t\t\t\t\t\t\t\t\t\t<\/div>\n\t\t\t\t<\/div>\n\t\t\t\t\t<\/div>\n\t\t\t\t<\/div>\n\t\t<div class=\"elementor-element elementor-element-3d3f9ab e-flex e-con-boxed wpr-particle-no wpr-jarallax-no wpr-parallax-no wpr-sticky-section-no e-con e-parent\" data-id=\"3d3f9ab\" data-element_type=\"container\">\n\t\t\t\t\t<div class=\"e-con-inner\">\n\t\t\t\t\t<\/div>\n\t\t\t\t<\/div>\n\t\t\t\t<\/div>\n\t\t","protected":false},"excerpt":{"rendered":"<p>Sobre nossa empresa GMG Soluc\u0327o\u0303es GMG Soluc\u0327o\u0303es \u00a0 A GMG Solu\u00e7\u00f5es de Seguran\u00e7a do Trabalho e Meio Ambiente \u00e9 um grupo inovador no mercado, que traz para a sua empresa, n\u00e3o apenas uma simples consultoria na \u00e1rea de Seguran\u00e7a do Trabalho e Meio Ambiente, mas sim a solu\u00e7\u00e3o sob medida para sua empresa. \u00a0 Estamos trazendo ao mercado uma forma inovadora para atendimento de nossos clientes, sempre buscando a melhoria continua para o atendimento de todos, total qualidade na realiza\u00e7\u00e3o de nossos servi\u00e7os e sempre com total compromisso com nossos prazos.Nosso corpo t\u00e9cnico conta com uma equipe com mais de 10 anos de experi\u00eancia na \u00e1rea de Seguran\u00e7a do Trabalho e Meio Ambiente, sempre atendendo a todas as normas do Minist\u00e9rio do Trabalho e do Meio Ambiente. \u00a0 N\u00e3o seja pego de surpresa pelos \u00f3rg\u00e3os regulamentadores. Venha voc\u00ea fazer parte desse grupo inovador, venha adquirir a solu\u00e7\u00f5es sob medida para sua empresa. MAIS INFORMA\u00c7\u00d5ES EMPRESA SOLU\u00c7\u00c3O EM MEDICINA OCUPACIONAL SERGURAN\u00c7A DO TRABALHO E MEIO AMBIENTE Raz\u00e3o Social: HM Seguran\u00e7a do Trabalho e Meio Ambiente NOSSA MISS\u00c3O Oferecer todos nossos servi\u00e7os\u00a0 com total qualidade e agilidade atendendo todos os conceitos aos modernos conceitos socioambientais e sempre atentando\u00a0 a satisfa\u00e7\u00e3o total dos nossos clientes. NOSSA VIS\u00c3O Ser uma empresa inovadora nosso pa\u00eds e refer\u00eancia em qualidade nos servi\u00e7os prestados a nossos clientes sempre buscando uma melhoria continua e as melhores solu\u00e7\u00f5es. NOSSA POL\u00cdTICA\u200b A GMG Solu\u00e7\u00f5es em Seguran\u00e7a do Trabalho e Meio Ambiente tem como primordial a confian\u00e7a, transpar\u00eancia e \u00e9tica profissional para com seus clientes a total Qualidade no atendimento de seus servi\u00e7os prestados e proatividade de todos nossos profissionais sempre em busca da total satisfa\u00e7\u00e3o do cliente. A GMG Solu\u00e7\u00f5es tem o seu compromisso com a sociedade e meio-ambienteSempre Respeita \u00e0 lei, acordos e conven\u00e7\u00f5es. \u00a0<\/p>\n","protected":false},"author":1,"featured_media":0,"parent":0,"menu_order":0,"comment_status":"closed","ping_status":"closed","template":"elementor_canvas","meta":{"footnotes":""},"class_list":["post-1565","page","type-page","status-publish","hentry"],"_links":{"self":[{"href":"https:\/\/gmgssma.com\/index.php\/wp-json\/wp\/v2\/pages\/1565","targetHints":{"allow":["GET"]}}],"collection":[{"href":"https:\/\/gmgssma.com\/index.php\/wp-json\/wp\/v2\/pages"}],"about":[{"href":"https:\/\/gmgssma.com\/index.php\/wp-json\/wp\/v2\/types\/page"}],"author":[{"embeddable":true,"href":"https:\/\/gmgssma.com\/index.php\/wp-json\/wp\/v2\/users\/1"}],"replies":[{"embeddable":true,"href":"https:\/\/gmgssma.com\/index.php\/wp-json\/wp\/v2\/comments?post=1565"}],"version-history":[{"count":43,"href":"https:\/\/gmgssma.com\/index.php\/wp-json\/wp\/v2\/pages\/1565\/revisions"}],"predecessor-version":[{"id":2407,"href":"https:\/\/gmgssma.com\/index.php\/wp-json\/wp\/v2\/pages\/1565\/revisions\/2407"}],"wp:attachment":[{"href":"https:\/\/gmgssma.com\/index.php\/wp-json\/wp\/v2\/media?parent=1565"}],"curies":[{"name":"wp","href":"https:\/\/api.w.org\/{rel}","templated":true}]}}